{"id":49,"date":"2021-05-25T10:26:40","date_gmt":"2021-05-25T08:26:40","guid":{"rendered":"https:\/\/www.trebi-simulator.com\/glueckwunsch\/"},"modified":"2021-05-25T10:38:22","modified_gmt":"2021-05-25T08:38:22","slug":"glueckwunsch","status":"publish","type":"page","link":"https:\/\/www.trebi-simulator.com\/de\/glueckwunsch\/","title":{"rendered":"Gl\u00fcckwunsch!"},"content":{"rendered":"\n<p>Sie haben alles richtig ausgef\u00fcllt. \ud83d\ude0a<\/p>\n\n<p>Wir analysieren Ihre Anfrage und werden Sie so schnell wie m\u00f6glich per E-Mail kontaktieren.<\/p>\n\n<p>\u00dcberpr\u00fcfe deinen Posteingang!<\/p>\n","protected":false},"excerpt":{"rendered":"<p>Sie haben alles richtig ausgef\u00fcllt. \ud83d\ude0a Wir analysieren Ihre Anfrage und werden Sie so schnell wie m\u00f6glich per E-Mail kontaktieren. \u00dcberpr\u00fcfe deinen Posteingang!<\/p>\n","protected":false},"author":1,"featured_media":0,"parent":0,"menu_order":0,"comment_status":"closed","ping_status":"closed","template":"page-footercta.php","meta":{"footnotes":""},"class_list":["post-49","page","type-page","status-publish","hentry"],"_links":{"self":[{"href":"https:\/\/www.trebi-simulator.com\/de\/wp-json\/wp\/v2\/pages\/49","targetHints":{"allow":["GET"]}}],"collection":[{"href":"https:\/\/www.trebi-simulator.com\/de\/wp-json\/wp\/v2\/pages"}],"about":[{"href":"https:\/\/www.trebi-simulator.com\/de\/wp-json\/wp\/v2\/types\/page"}],"author":[{"embeddable":true,"href":"https:\/\/www.trebi-simulator.com\/de\/wp-json\/wp\/v2\/users\/1"}],"replies":[{"embeddable":true,"href":"https:\/\/www.trebi-simulator.com\/de\/wp-json\/wp\/v2\/comments?post=49"}],"version-history":[{"count":7,"href":"https:\/\/www.trebi-simulator.com\/de\/wp-json\/wp\/v2\/pages\/49\/revisions"}],"predecessor-version":[{"id":64,"href":"https:\/\/www.trebi-simulator.com\/de\/wp-json\/wp\/v2\/pages\/49\/revisions\/64"}],"wp:attachment":[{"href":"https:\/\/www.trebi-simulator.com\/de\/wp-json\/wp\/v2\/media?parent=49"}],"curies":[{"name":"wp","href":"https:\/\/api.w.org\/{rel}","templated":true}]}}